{"id":12885,"date":"2025-05-20T09:45:34","date_gmt":"2025-05-20T07:45:34","guid":{"rendered":"https:\/\/www.enereco.com\/?page_id=12885"},"modified":"2025-05-21T10:50:45","modified_gmt":"2025-05-21T08:50:45","slug":"about-us","status":"publish","type":"page","link":"https:\/\/www.enereco.com\/it\/about-us\/","title":{"rendered":"About Us"},"content":{"rendered":"<div class=\"wpb-content-wrapper\"><p>[vc_row equal_height=&#8221;yes&#8221; content_placement=&#8221;middle&#8221; el_class=&#8221;full-content-halfboxed blue left-boxed&#8221;][vc_column width=&#8221;1\/2&#8243; css=&#8221;.vc_custom_1606216056882{padding-top: 40px !important;padding-right: 40px !important;padding-bottom: 40px !important;padding-left: 40px !important;}&#8221;][vc_column_text css=&#8221;&#8221;]<\/p>\n<h2>AZIENDA<\/h2>\n<p>[\/vc_column_text][vc_separator align=&#8221;align_left&#8221;][vc_column_text css=&#8221;&#8221;]Enereco \u00e8 un\u2019azienda privata ed indipendente fondata allo scopo di fornire servizi e progetti di ingegneria personalizzata e di qualit\u00e0. Dal 1988 il nostro team multidisciplinare progetta impianti per la produzione, il trasporto e lo stoccaggio di idrocarburi oltre ad effettuare servizi di project management e di procurement. Progettiamo anche nei seguenti ambiti: infrastrutture, ricerca e sviluppo, energia e ambiente. In particolare, queste sono per noi delle forti aree di interesse in un momento in cui tutto il mondo si sta approcciando a delle soluzioni pi\u00f9 sostenibili. Per Enereco la sostenibilit\u00e0 \u00e8 motivazione. Portiamo avanti i nostri progetti impegnandoci ad ideare e fornire impianti che impieghino le risorse in maniera efficiente e aiutando i nostri clienti a ridurre il proprio impatto ambientale. Non solo supportiamo i nostri clienti nel ristabilire gli ecosistemi, ma facciamo del nostro meglio per ridurre anche la nostra impronta ecologica.[\/vc_column_text][\/vc_column][vc_column width=&#8221;1\/2&#8243; css=&#8221;.vc_custom_1612883841587{background-image: url(https:\/\/www.enereco.com\/wp-content\/uploads\/2021\/02\/company-profile-woman-team_res_1920.jpg?id=1851) !important;background-position: center !important;background-repeat: no-repeat !important;background-size: cover !important;}&#8221;][\/vc_column][\/vc_row][vc_row full_width=&#8221;stretch_row_content&#8221; el_class=&#8221;hide-on-mobile&#8221;][vc_column][vc_single_image image=&#8221;13208&#8243; img_size=&#8221;full&#8221; css=&#8221;&#8221; el_class=&#8221;drag-scroll&#8221;][\/vc_column][\/vc_row][vc_row full_width=&#8221;stretch_row_content&#8221; el_class=&#8221;hide-on-desktop&#8221;][vc_column][vc_single_image image=&#8221;13186&#8243; img_size=&#8221;full&#8221; css=&#8221;&#8221; el_class=&#8221;drag-scroll&#8221;][\/vc_column][\/vc_row][vc_row equal_height=&#8221;yes&#8221; content_placement=&#8221;middle&#8221; el_class=&#8221;full-content-halfboxed blue right-boxed&#8221;][vc_column width=&#8221;1\/2&#8243; css=&#8221;.vc_custom_1747643980131{background-image: url(https:\/\/www.enereco.com\/wp-content\/uploads\/2025\/05\/Mission.jpg?id=12890) !important;background-position: center !important;background-repeat: no-repeat !important;background-size: cover !important;}&#8221;][\/vc_column][vc_column width=&#8221;1\/2&#8243; css=&#8221;.vc_custom_1606216056882{padding-top: 40px !important;padding-right: 40px !important;padding-bottom: 40px !important;padding-left: 40px !important;}&#8221;][vc_column_text]<\/p>\n<h2>MISSION<\/h2>\n<p>[\/vc_column_text][vc_separator align=&#8221;align_left&#8221;][vc_column_text css=&#8221;&#8221;]L\u2019obiettivo di Enereco nell\u2019ambito energetico \u00e8 quello di minimizzare l\u2019impatto ambientale dove operiamo e ottimizzare la nostra efficacia tramite soluzioni innovative. In Enereco siamo orgogliosi della nostra identit\u00e0: siamo una comunit\u00e0 di persone che lavorano insieme nonostante le distanze geografiche e culturali. Ci battiamo per creare e mantenere un ambiente di lavoro dove ci sia fiducia, orgoglio e inclusione. Tale approccio comporta dei benefici ai nostri collaboratori, alla nostra azienda, ai nostri partner ed ai nostri clienti. Operiamo su scala globale affrontando le maggiori sfide imposte dalla globalizzazione e, ciononostante, grazie alle nostre competenze, alla nostra vitalit\u00e0 ed esperienza, siamo sempre attivi in prima linea.[\/vc_column_text][\/vc_column][\/vc_row][vc_row equal_height=&#8221;yes&#8221; content_placement=&#8221;middle&#8221; el_class=&#8221;full-content-halfboxed blue left-boxed&#8221;][vc_column width=&#8221;1\/2&#8243; css=&#8221;.vc_custom_1606216056882{padding-top: 40px !important;padding-right: 40px !important;padding-bottom: 40px !important;padding-left: 40px !important;}&#8221;][vc_column_text css=&#8221;&#8221;]<\/p>\n<h2><b>VISION<\/b><\/h2>\n<p>[\/vc_column_text][vc_separator align=&#8221;align_left&#8221;][vc_column_text css=&#8221;&#8221;]Per Enereco la sostenibilit\u00e0 \u00e8 un valore fondamentale. Stiamo diversificando i nostri servizi e prodotti per affrontare le sfide legate alla transizione energetica e alla globalizzazione. Come vostro partner, possiamo aiutarvi a ridurre l\u2019impatto ambientale delle vostre attivit\u00e0. Per raggiungere questo obiettivo, stiamo sviluppando soluzioni innovative e modelli di business focalizzati sulla valorizzazione dei rifiuti di scarto e sullo sviluppo di energie rinnovabili nel settore agroalimentare.[\/vc_column_text][\/vc_column][vc_column width=&#8221;1\/2&#8243; css=&#8221;.vc_custom_1747646533490{background-image: url(https:\/\/www.enereco.com\/wp-content\/uploads\/2025\/05\/Vision.jpg?id=12894) !important;background-position: center !important;background-repeat: no-repeat !important;background-size: cover !important;}&#8221;][\/vc_column][\/vc_row][vc_row equal_height=&#8221;yes&#8221; content_placement=&#8221;middle&#8221; el_class=&#8221;full-content-halfboxed blue right-boxed&#8221;][vc_column width=&#8221;1\/2&#8243; css=&#8221;.vc_custom_1747646315986{background: #E9874A url(https:\/\/www.enereco.com\/wp-content\/uploads\/2025\/05\/impresa_champion2022.png?id=12914) !important;background-position: center !important;background-repeat: no-repeat !important;background-size: contain !important;}&#8221;][\/vc_column][vc_column width=&#8221;1\/2&#8243; css=&#8221;.vc_custom_1606216056882{padding-top: 40px !important;padding-right: 40px !important;padding-bottom: 40px !important;padding-left: 40px !important;}&#8221;][vc_column_text css=&#8221;&#8221;]<\/p>\n<h2><b>PREMI<\/b><\/h2>\n<p>[\/vc_column_text][vc_separator align=&#8221;align_left&#8221;][vc_column_text css=&#8221;&#8221;]Enereco si conferma impresa champion anche nel 2022 La ricerca, realizzata dal Centro Studi ItalyPost, grazie alla collaborazione con Aida Bureau Van Dijk e il sostegno del Gruppo bancario Credit Agricole e della societ\u00e0 di consulenza lean auxiell, individua sul territorio nazionale 1000 imprese collocate tra i 20 e i 120 milioni di euro di fatturato e 200 imprese top tra i 120 e i 500 milioni di euro di fatturato, selezionandole in base a un\u2019attenta analisi dei bilanci disponibili degli ultimi sei anni (periodo 2014-2020) e a una serie di stringenti criteri di tipo societario e ed economico (tra gli altri Cagr, Ebitda, Rating e Pfn).[\/vc_column_text][\/vc_column][\/vc_row][vc_row full_width=&#8221;stretch_row&#8221; css=&#8221;.vc_custom_1606992881695{padding-top: 60px !important;padding-bottom: 60px !important;background-image: url(https:\/\/www.enereco.com\/wp-content\/uploads\/2020\/12\/qhse-bg.png?id=854) !important;}&#8221; el_class=&#8221;titoli-bianchi&#8221;][vc_column][vc_column_text css=&#8221;&#8221;]<\/p>\n<h2 style=\"text-align: center;\">QHSE<\/h2>\n<h4 style=\"text-align: center;\"><span style=\"font-weight: 400;\">L\u2019impegno di Enereco in materia di Salute, Sicurezza e Ambiente<\/span><\/h4>\n<p>[\/vc_column_text][vc_separator color=&#8221;white&#8221;][vc_row_inner][vc_column_inner width=&#8221;1\/2&#8243;][vc_column_text css=&#8221;&#8221;]<\/p>\n<p style=\"text-align: left;\">La globalizzazione dei mercati e l\u2019avanzamento tecnologico sono fattori che stanno lentamente, ma di fatto, riducendo i tempi ed i costi di produzione andando ad impattare sulla qualit\u00e0, aspetto che sta diventando il maggiore fattore distintivo tra fornitori di servizi. Per garantire la coerenza dei nostri risultati e processi, una grande attenzione viene posta ai requisiti specifici dei nostri clienti.<\/p>\n<p>[\/vc_column_text][\/vc_column_inner][vc_column_inner width=&#8221;1\/2&#8243;][vc_column_text css=&#8221;&#8221;]<\/p>\n<p style=\"text-align: left;\">Essendo completamente consapevoli della complessit\u00e0 dei progetti dei nostri clienti e dei contesti nei quali vengono eseguiti, Enereco ha adottato un Sistema di Gestione Integrata (SGI) fondato su un \u201cRisk Thinking Approach\u201d per assicurare ai nostri clienti la qualit\u00e0 e l\u2019affidabilit\u00e0 che si aspettano da noi. Tale SGI \u00e8 in accordo agli obiettivi e alle procedure definite dalle policy aziendali di Enereco e soddisfa tutti i requisiti degli standard UNI EN ISO 9001:2015, UNI EN ISO 14001:2015 e ISO 45001:2018.<\/p>\n<p>[\/vc_column_text][\/vc_column_inner][\/vc_row_inner][vc_column_text css=&#8221;&#8221;]<\/p>\n<p style=\"text-align: center;\">Questa attenzione alla qualit\u00e0 in tutto ci\u00f2 che facciamo \u00e8 l\u2019ingrediente principale del nostro continuo successo<\/p>\n<p>[\/vc_column_text][vc_single_image image=&#8221;11080&#8243;][\/vc_column][\/vc_row][vc_row full_width=&#8221;stretch_row&#8221; el_class=&#8221;custom-row services&#8221;][vc_column][vc_column_text]<\/p>\n<h2 style=\"text-align: center;\">our Services<\/h2>\n<p>[\/vc_column_text][vc_separator][\/vc_column][vc_column width=&#8221;1\/3&#8243;][vc_single_image image=&#8221;2567&#8243; img_size=&#8221;full&#8221; alignment=&#8221;center&#8221;][vc_column_text]<\/p>\n<h4 style=\"text-align: center;\">Engineering<\/h4>\n<p>[\/vc_column_text][vc_separator color=&#8221;custom&#8221; el_width=&#8221;30&#8243; accent_color=&#8221;#3366cc&#8221;][vc_column_text css=&#8221;&#8221;]<\/p>\n<p style=\"text-align: center;\">forniamo servizi di ingegneria multidisciplinare forti dell\u2019esperienza ottenuta attraverso l\u2019esecuzione di progetti rilevanti e dell\u2019utilizzo dei software pi\u00f9 quotati del settore, di codici, regolamenti e standard.<\/p>\n<p>[\/vc_column_text][vc_btn title=&#8221;DESIGN HARDER&#8221; align=&#8221;center&#8221; link=&#8221;url:%2Fservizi%2Fengineering&#8221;][\/vc_column][vc_column width=&#8221;1\/3&#8243;][vc_single_image image=&#8221;2568&#8243; img_size=&#8221;full&#8221; alignment=&#8221;center&#8221;][vc_column_text]<\/p>\n<h4 style=\"text-align: center;\">Procurement<\/h4>\n<p>[\/vc_column_text][vc_separator color=&#8221;custom&#8221; accent_color=&#8221;#3366cc&#8221;][vc_column_text css=&#8221;&#8221;]<\/p>\n<p style=\"text-align: center;\">Ti supportiamo nelle attivit\u00e0 di tendering e di procurement oltre a gestire direttamente gli acquisti, l\u2019expediting e la consegna al posto tuo, ottimizzando sia i tempi che i costi. In ogni parte del mondo.<\/p>\n<p>[\/vc_column_text][vc_btn title=&#8221;SAVE MORE&#8221; align=&#8221;center&#8221; link=&#8221;url:%2Fservizi%2Fprocurement&#8221;][\/vc_column][vc_column width=&#8221;1\/3&#8243; el_class=&#8221;green&#8221;][vc_single_image image=&#8221;2566&#8243; img_size=&#8221;full&#8221; alignment=&#8221;center&#8221;][vc_column_text]<\/p>\n<h4 style=\"text-align: center;\">Buildability<\/h4>\n<p>[\/vc_column_text][vc_separator color=&#8221;custom&#8221; accent_color=&#8221;#339966&#8243;][vc_column_text css=&#8221;&#8221;]<\/p>\n<p style=\"text-align: center;\">Analizziamo il contesto sociale ed ambientale in ogni nostro progetto per rispettare il mondo in cui viviamo, stimando, sempre e comunque, costi e benefici per l\u2019intera vita dell\u2019impianto. La sostenibilit\u00e0 \u00e8 il segreto.<\/p>\n<p>[\/vc_column_text][vc_btn title=&#8221;BUILD BETTER&#8221; color=&#8221;green&#8221; align=&#8221;center&#8221; link=&#8221;url:%2Fservizi%2Fbuildability&#8221;][\/vc_column][\/vc_row]<\/p>\n<\/div>","protected":false},"excerpt":{"rendered":"<p>[vc_row equal_height=&#8221;yes&#8221; content_placement=&#8221;middle&#8221; el_class=&#8221;full-content-halfboxed blue left-boxed&#8221;][vc_column width=&#8221;1\/2&#8243; css=&#8221;.vc_custom_1606216056882{padding-top: 40px !important;padding-right: 40px !important;padding-bottom: 40px !important;padding-left: 40px !important;}&#8221;][vc_column_text css=&#8221;&#8221;] AZIENDA [\/vc_column_text][vc_separator align=&#8221;align_left&#8221;][vc_column_text css=&#8221;&#8221;]Enereco \u00e8 un\u2019azienda privata ed indipendente fondata allo scopo di fornire servizi e progetti di ingegneria personalizzata e di qualit\u00e0. Dal 1988 il nostro team multidisciplinare progetta impianti per la produzione, il trasporto e lo [&hellip;]<\/p>\n","protected":false},"author":1,"featured_media":0,"parent":0,"menu_order":0,"comment_status":"closed","ping_status":"closed","template":"","meta":{"_acf_changed":false,"footnotes":""},"class_list":["post-12885","page","type-page","status-publish","hentry"],"acf":[],"yoast_head":"<!-- This site is optimized with the Yoast SEO plugin v25.9 - https:\/\/yoast.com\/wordpress\/plugins\/seo\/ -->\n<title>Enereco Company - A Global Organization<\/title>\n<meta name=\"description\" content=\"Enereco Company&#039;s success as a global entity depends upon cooperation, cultural awareness and the sharing of skills and expertise.\" \/>\n<meta name=\"robots\" content=\"index, follow, max-snippet:-1, max-image-preview:large, max-video-preview:-1\" \/>\n<link rel=\"canonical\" href=\"https:\/\/www.enereco.com\/it\/about-us\/\" \/>\n<meta property=\"og:locale\" content=\"it_IT\" \/>\n<meta property=\"og:type\" content=\"article\" \/>\n<meta property=\"og:title\" content=\"Enereco Company - A Global Organization\" \/>\n<meta property=\"og:description\" content=\"Enereco Company&#039;s success as a global entity depends upon cooperation, cultural awareness and the sharing of skills and expertise.\" \/>\n<meta property=\"og:url\" content=\"https:\/\/www.enereco.com\/it\/about-us\/\" \/>\n<meta property=\"og:site_name\" content=\"enereco\" \/>\n<meta property=\"article:modified_time\" content=\"2025-05-21T08:50:45+00:00\" \/>\n<meta property=\"og:image\" content=\"https:\/\/www.enereco.com\/wp-content\/uploads\/2021\/03\/enereco-management.jpg\" \/>\n\t<meta property=\"og:image:width\" content=\"1280\" \/>\n\t<meta property=\"og:image:height\" content=\"1280\" \/>\n\t<meta property=\"og:image:type\" content=\"image\/jpeg\" \/>\n<meta name=\"twitter:card\" content=\"summary_large_image\" \/>\n<meta name=\"twitter:label1\" content=\"Tempo di lettura stimato\" \/>\n\t<meta name=\"twitter:data1\" content=\"6 minuti\" \/>\n<script type=\"application\/ld+json\" class=\"yoast-schema-graph\">{\"@context\":\"https:\/\/schema.org\",\"@graph\":[{\"@type\":\"WebPage\",\"@id\":\"https:\/\/www.enereco.com\/it\/about-us\/\",\"url\":\"https:\/\/www.enereco.com\/it\/about-us\/\",\"name\":\"Enereco Company - A Global Organization\",\"isPartOf\":{\"@id\":\"https:\/\/www.enereco.com\/#website\"},\"datePublished\":\"2025-05-20T07:45:34+00:00\",\"dateModified\":\"2025-05-21T08:50:45+00:00\",\"description\":\"Enereco Company's success as a global entity depends upon cooperation, cultural awareness and the sharing of skills and expertise.\",\"breadcrumb\":{\"@id\":\"https:\/\/www.enereco.com\/it\/about-us\/#breadcrumb\"},\"inLanguage\":\"it-IT\",\"potentialAction\":[{\"@type\":\"ReadAction\",\"target\":[\"https:\/\/www.enereco.com\/it\/about-us\/\"]}]},{\"@type\":\"BreadcrumbList\",\"@id\":\"https:\/\/www.enereco.com\/it\/about-us\/#breadcrumb\",\"itemListElement\":[{\"@type\":\"ListItem\",\"position\":1,\"name\":\"Home\",\"item\":\"https:\/\/www.enereco.com\/it\/\"},{\"@type\":\"ListItem\",\"position\":2,\"name\":\"About Us\"}]},{\"@type\":\"WebSite\",\"@id\":\"https:\/\/www.enereco.com\/#website\",\"url\":\"https:\/\/www.enereco.com\/\",\"name\":\"enereco\",\"description\":\"Engineering and Project Management Solutions\",\"publisher\":{\"@id\":\"https:\/\/www.enereco.com\/#organization\"},\"potentialAction\":[{\"@type\":\"SearchAction\",\"target\":{\"@type\":\"EntryPoint\",\"urlTemplate\":\"https:\/\/www.enereco.com\/?s={search_term_string}\"},\"query-input\":{\"@type\":\"PropertyValueSpecification\",\"valueRequired\":true,\"valueName\":\"search_term_string\"}}],\"inLanguage\":\"it-IT\"},{\"@type\":\"Organization\",\"@id\":\"https:\/\/www.enereco.com\/#organization\",\"name\":\"Enereco\",\"url\":\"https:\/\/www.enereco.com\/\",\"logo\":{\"@type\":\"ImageObject\",\"inLanguage\":\"it-IT\",\"@id\":\"https:\/\/www.enereco.com\/#\/schema\/logo\/image\/\",\"url\":\"https:\/\/www.enereco.com\/wp-content\/uploads\/2021\/03\/logo_quadrato.png\",\"contentUrl\":\"https:\/\/www.enereco.com\/wp-content\/uploads\/2021\/03\/logo_quadrato.png\",\"width\":245,\"height\":245,\"caption\":\"Enereco\"},\"image\":{\"@id\":\"https:\/\/www.enereco.com\/#\/schema\/logo\/image\/\"}}]}<\/script>\n<!-- \/ Yoast SEO plugin. -->","yoast_head_json":{"title":"Enereco Company - A Global Organization","description":"Enereco Company's success as a global entity depends upon cooperation, cultural awareness and the sharing of skills and expertise.","robots":{"index":"index","follow":"follow","max-snippet":"max-snippet:-1","max-image-preview":"max-image-preview:large","max-video-preview":"max-video-preview:-1"},"canonical":"https:\/\/www.enereco.com\/it\/about-us\/","og_locale":"it_IT","og_type":"article","og_title":"Enereco Company - A Global Organization","og_description":"Enereco Company's success as a global entity depends upon cooperation, cultural awareness and the sharing of skills and expertise.","og_url":"https:\/\/www.enereco.com\/it\/about-us\/","og_site_name":"enereco","article_modified_time":"2025-05-21T08:50:45+00:00","og_image":[{"width":1280,"height":1280,"url":"https:\/\/www.enereco.com\/wp-content\/uploads\/2021\/03\/enereco-management.jpg","type":"image\/jpeg"}],"twitter_card":"summary_large_image","twitter_misc":{"Tempo di lettura stimato":"6 minuti"},"schema":{"@context":"https:\/\/schema.org","@graph":[{"@type":"WebPage","@id":"https:\/\/www.enereco.com\/it\/about-us\/","url":"https:\/\/www.enereco.com\/it\/about-us\/","name":"Enereco Company - A Global Organization","isPartOf":{"@id":"https:\/\/www.enereco.com\/#website"},"datePublished":"2025-05-20T07:45:34+00:00","dateModified":"2025-05-21T08:50:45+00:00","description":"Enereco Company's success as a global entity depends upon cooperation, cultural awareness and the sharing of skills and expertise.","breadcrumb":{"@id":"https:\/\/www.enereco.com\/it\/about-us\/#breadcrumb"},"inLanguage":"it-IT","potentialAction":[{"@type":"ReadAction","target":["https:\/\/www.enereco.com\/it\/about-us\/"]}]},{"@type":"BreadcrumbList","@id":"https:\/\/www.enereco.com\/it\/about-us\/#breadcrumb","itemListElement":[{"@type":"ListItem","position":1,"name":"Home","item":"https:\/\/www.enereco.com\/it\/"},{"@type":"ListItem","position":2,"name":"About Us"}]},{"@type":"WebSite","@id":"https:\/\/www.enereco.com\/#website","url":"https:\/\/www.enereco.com\/","name":"enereco","description":"Engineering and Project Management Solutions","publisher":{"@id":"https:\/\/www.enereco.com\/#organization"},"potentialAction":[{"@type":"SearchAction","target":{"@type":"EntryPoint","urlTemplate":"https:\/\/www.enereco.com\/?s={search_term_string}"},"query-input":{"@type":"PropertyValueSpecification","valueRequired":true,"valueName":"search_term_string"}}],"inLanguage":"it-IT"},{"@type":"Organization","@id":"https:\/\/www.enereco.com\/#organization","name":"Enereco","url":"https:\/\/www.enereco.com\/","logo":{"@type":"ImageObject","inLanguage":"it-IT","@id":"https:\/\/www.enereco.com\/#\/schema\/logo\/image\/","url":"https:\/\/www.enereco.com\/wp-content\/uploads\/2021\/03\/logo_quadrato.png","contentUrl":"https:\/\/www.enereco.com\/wp-content\/uploads\/2021\/03\/logo_quadrato.png","width":245,"height":245,"caption":"Enereco"},"image":{"@id":"https:\/\/www.enereco.com\/#\/schema\/logo\/image\/"}}]}},"_links":{"self":[{"href":"https:\/\/www.enereco.com\/it\/wp-json\/wp\/v2\/pages\/12885","targetHints":{"allow":["GET"]}}],"collection":[{"href":"https:\/\/www.enereco.com\/it\/wp-json\/wp\/v2\/pages"}],"about":[{"href":"https:\/\/www.enereco.com\/it\/wp-json\/wp\/v2\/types\/page"}],"author":[{"embeddable":true,"href":"https:\/\/www.enereco.com\/it\/wp-json\/wp\/v2\/users\/1"}],"replies":[{"embeddable":true,"href":"https:\/\/www.enereco.com\/it\/wp-json\/wp\/v2\/comments?post=12885"}],"version-history":[{"count":16,"href":"https:\/\/www.enereco.com\/it\/wp-json\/wp\/v2\/pages\/12885\/revisions"}],"predecessor-version":[{"id":13220,"href":"https:\/\/www.enereco.com\/it\/wp-json\/wp\/v2\/pages\/12885\/revisions\/13220"}],"wp:attachment":[{"href":"https:\/\/www.enereco.com\/it\/wp-json\/wp\/v2\/media?parent=12885"}],"curies":[{"name":"wp","href":"https:\/\/api.w.org\/{rel}","templated":true}]}}